{"id":43,"date":"2021-08-22T14:52:59","date_gmt":"2021-08-22T13:52:59","guid":{"rendered":"https:\/\/casamix.ch\/?page_id=43"},"modified":"2021-08-22T15:07:12","modified_gmt":"2021-08-22T14:07:12","slug":"casamix-comm","status":"publish","type":"page","link":"https:\/\/casamix.ch\/?page_id=43","title":{"rendered":"casamix comm"},"content":{"rendered":"<p>casamix comm sind Dienstleistungen zur Unterst\u00fctzung der Kommunikation insbesondere im Kontext von Immobilien:<\/p>\n<ul>\n<li><em>casamix comm dist<\/em> stellt Mail-Verteiler f\u00fcr Eigent\u00fcmergemeinschaften, Mietergruppen oder andere an einer Liegenschaft beteiligte Personen zur Verf\u00fcgung.<\/li>\n<li><em>casamix comm share<\/em> ist eine gemeinsame Dateiablage f\u00fcr die an einer Verwaltung beteiligten Parteien. Wir nutzen unsererseits die <a href=\"https:\/\/nc1.odl.ch\">Nextcloud-Plattform von ODL<\/a>. Mehr Infos dazu bei <a href=\"https:\/\/logintas.ch\">Logintas<\/a>.<\/li>\n<li><em>casamix comm live<\/em> ist unsere Dienstleistung zur \u00dcbertragung von Eigent\u00fcmerversammlungen (und \u00e4hnlichem) via Video-Konferenz.<\/li>\n<\/ul>\n<p>Anfragen gerne per E-Mail unter <a href=\"mailto:info@casamix.ch\">info@casamix.ch<\/a>.<\/p>\n","protected":false},"excerpt":{"rendered":"<p>casamix comm sind Dienstleistungen zur Unterst\u00fctzung der Kommunikation insbesondere im Kontext von Immobilien: casamix comm dist stellt Mail-Verteiler f\u00fcr Eigent\u00fcmergemeinschaften, Mietergruppen oder andere an einer Liegenschaft beteiligte Personen zur Verf\u00fcgung. casamix comm share ist eine gemeinsame Dateiablage f\u00fcr die an einer Verwaltung beteiligten Parteien. Wir nutzen unsererseits die Nextcloud-Plattform von ODL. Mehr Infos dazu bei&hellip; <a class=\"more-link\" href=\"https:\/\/casamix.ch\/?page_id=43\"><span class=\"screen-reader-text\">casamix comm<\/span> weiterlesen<\/a><\/p>\n","protected":false},"author":1,"featured_media":0,"parent":0,"menu_order":0,"comment_status":"closed","ping_status":"closed","template":"","meta":{"footnotes":""},"class_list":["post-43","page","type-page","status-publish","hentry","entry"],"_links":{"self":[{"href":"https:\/\/casamix.ch\/index.php?rest_route=\/wp\/v2\/pages\/43","targetHints":{"allow":["GET"]}}],"collection":[{"href":"https:\/\/casamix.ch\/index.php?rest_route=\/wp\/v2\/pages"}],"about":[{"href":"https:\/\/casamix.ch\/index.php?rest_route=\/wp\/v2\/types\/page"}],"author":[{"embeddable":true,"href":"https:\/\/casamix.ch\/index.php?rest_route=\/wp\/v2\/users\/1"}],"replies":[{"embeddable":true,"href":"https:\/\/casamix.ch\/index.php?rest_route=%2Fwp%2Fv2%2Fcomments&post=43"}],"version-history":[{"count":6,"href":"https:\/\/casamix.ch\/index.php?rest_route=\/wp\/v2\/pages\/43\/revisions"}],"predecessor-version":[{"id":54,"href":"https:\/\/casamix.ch\/index.php?rest_route=\/wp\/v2\/pages\/43\/revisions\/54"}],"wp:attachment":[{"href":"https:\/\/casamix.ch\/index.php?rest_route=%2Fwp%2Fv2%2Fmedia&parent=43"}],"curies":[{"name":"wp","href":"https:\/\/api.w.org\/{rel}","templated":true}]}}